{"id":14,"date":"2021-04-14T04:21:09","date_gmt":"2021-04-14T04:21:09","guid":{"rendered":"https:\/\/canoe.moxiworks.com\/mb-nwo\/team-about-us"},"modified":"2021-04-14T04:21:09","modified_gmt":"2021-04-14T04:21:09","slug":"team-about-us","status":"publish","type":"page","link":"https:\/\/joinmb-nwo.c21.ca\/fr-ca\/team-about-us","title":{"rendered":"Team About Us"},"content":{"rendered":"\n<h2>\n\t\tNotre \u00e9quipe\n\t<\/h2>\n\t<p>&nbsp;<\/p>\n<p>Notre but premier est de vous aider \u00e0 r\u00e9aliser vos objectifs. Que vous souhaitiez acheter ou vendre, nous mettrons \u00e0 profit notre expertise pour vous aider. Nous veillons \u00e0 bien comprendre les besoins de nos clients afin d&#8217;offrir une exp\u00e9rience exceptionnelle et d&#8217;assurer le bon d\u00e9roulement du processus de vente ou d&#8217;achat.  <\/p>\n<p>&nbsp;<\/p>\n\t<p>&nbsp;<\/p>\n<p>Notre but premier est de vous aider \u00e0 r\u00e9aliser vos objectifs. Que vous souhaitiez acheter ou vendre, nous mettrons \u00e0 profit notre expertise pour vous aider. Nous veillons \u00e0 bien comprendre les besoins de nos clients afin d&#8217;offrir une exp\u00e9rience exceptionnelle et d&#8217;assurer le bon d\u00e9roulement du processus de vente ou d&#8217;achat.  <\/p>\n<p>&nbsp;<\/p>\n<h2>\n\t\tLa diff\u00e9rence C21\n\t<\/h2>\n\t<p>Chez CENTURY 21<sup>MD<\/sup>, nous vous proposons l&#8217;information la plus \u00e0 jour pour vous aider \u00e0 prendre une d\u00e9cision \u00e9clair\u00e9e avant d&#8217;effectuer une transaction immobili\u00e8re. Depuis plus de 40 ans, nous visons l&#8217;or dans le secteur immobilier.<\/p>\n<p>Proposant une port\u00e9e mondiale et une expertise locale, nous avons toujours appuy\u00e9 l&#8217;entrepreneuriat, le marketing, l&#8217;innovation technologique et l&#8217;\u00e9ducation immobili\u00e8re partout au Canada. C&#8217;est en 1976 \u00e0 Richmond, en Colombie-Britannique, que nous avons fait notre entr\u00e9e dans le monde de l&#8217;immobilier en tant que \u00ab groupe d&#8217;entreprises familiales dirig\u00e9es par une entreprise familiale \u00bb. Depuis lors, CENTURY 21<sup>MD<\/sup> est devenue l&#8217;une des premi\u00e8res soci\u00e9t\u00e9s immobili\u00e8res dans le monde.<\/p>\n<p>Nous sommes une organisation nationale avec une port\u00e9e mondiale. Fiers de notre tradition canadienne, nous comptons 400 agences et plus de 10 000 membres r\u00e9partis dans 272 municipalit\u00e9s \u00e0 l&#8217;\u00e9chelle du pays.<\/p>\n\t<p>Nous n&#8217;\u00e9pargnons aucun effort pour transformer les r\u00eaves de nos clients en r\u00e9alit\u00e9. L&#8217;immobilier nous passionne &#8211; nous adorons notre travail!<\/p>\n\t\t\t\t<img decoding=\"async\" src=\"https:\/\/www.c21.ca\/files\/2021\/04\/House_YardSign_FR-scaled-1-e1618019453711.jpeg\" alt=\"House_YardSign_FR-scaled\" itemprop=\"image\" height=\"1548\" width=\"1888\" title=\"House_YardSign_FR-scaled\" onerror=\"this.style.display='none'\"  \/>\n<h2>\n\t\tTHE C21 DIFFERENCE\n\t<\/h2>\n\t<p>Chez CENTURY 21<sup>MD<\/sup>, nous vous proposons l&#8217;information la plus \u00e0 jour pour vous aider \u00e0 prendre une d\u00e9cision \u00e9clair\u00e9e avant d&#8217;effectuer une transaction immobili\u00e8re. Depuis plus de 40 ans, nous visons l&#8217;or dans le secteur immobilier.<\/p>\n\n<p>Proposant une port\u00e9e mondiale et une expertise locale, nous avons toujours appuy\u00e9 l&#8217;entrepreneuriat, le marketing, l&#8217;innovation technologique et l&#8217;\u00e9ducation immobili\u00e8re partout au Canada. C&#8217;est en 1976 \u00e0 Richmond, en Colombie-Britannique, que nous avons fait notre entr\u00e9e dans le monde de l&#8217;immobilier en tant que \u00ab groupe d&#8217;entreprises familiales dirig\u00e9es par une entreprise familiale \u00bb. Depuis lors, CENTURY 21<sup>MD<\/sup> est devenue l&#8217;une des premi\u00e8res soci\u00e9t\u00e9s immobili\u00e8res dans le monde.<\/p>\n\n<p>Nous sommes une organisation nationale avec une port\u00e9e mondiale. Fiers de notre tradition canadienne, nous comptons 400 agences et plus de 10 000 membres r\u00e9partis dans 272 municipalit\u00e9s \u00e0 l&#8217;\u00e9chelle du pays.<\/p>\n\t<p>Nous n&#8217;\u00e9pargnons aucun effort pour transformer les r\u00eaves de nos clients en r\u00e9alit\u00e9. L&#8217;immobilier nous passionne &#8211; nous adorons notre travail!<\/p>\n\t\t\t\t<img decoding=\"async\" src=\"https:\/\/www.c21.ca\/files\/2021\/04\/House_YardSign_FR-scaled-1-e1618019453711.jpeg\" alt=\"House_YardSign_FR-scaled\" itemprop=\"image\" height=\"1548\" width=\"1888\" title=\"House_YardSign_FR-scaled\" onerror=\"this.style.display='none'\"  \/>\n<h2>\n\t\tNOUVELLES DU QUARTIER\n\t<\/h2>\n\t\n\t\t\t<a href=\"\/neighborhood-news\" target=\"_self\" role=\"button\" rel=\"noopener noreferrer\">\n\t\t\t\t\t\t\tCOMMENCER\n\t\t\t\t\t<\/a>\n\t\t\t\t<img decoding=\"async\" src=\"https:\/\/www.c21.ca\/files\/2021\/04\/french_neighborhood-news-iphone-mockup-cropped-1024x942-1.png\" alt=\"french_neighborhood-news-iphone-mockup-cropped-1024x942-1\" itemprop=\"image\" height=\"942\" width=\"1024\" title=\"french_neighborhood-news-iphone-mockup-cropped-1024x942-1\" onerror=\"this.style.display='none'\"  \/>\n\t<h3>\n\t\t\t\tPR\u00caT POUR LA PROCHAINE \u00c9TAPE?\n\t\t\t<\/h3>\n\t\t<p>Nous nous ferons un plaisir de vous aider \u00e0 r\u00e9aliser vos objectifs d&#8217;accession \u00e0 la propri\u00e9t\u00e9. Communiquez avec moi pour entamer vos d\u00e9marches d\u00e8s aujourd&#8217;hui. Ce que nous proposons :<\/p><br \/>\t\n\t<h3>\n\t\t\t\tPR\u00caT POUR LA PROCHAINE \u00c9TAPE?\n\t\t\t<\/h3>\n\t\t<p>Nous nous ferons un plaisir de vous aider \u00e0 r\u00e9aliser vos objectifs d&#8217;accession \u00e0 la propri\u00e9t\u00e9. Communiquez avec moi pour entamer vos d\u00e9marches d\u00e8s aujourd&#8217;hui. Ce que nous proposons :\u00a0<\/p>\t\n\n","protected":false},"excerpt":{"rendered":"<p>Notre \u00e9quipe &nbsp; Notre but premier est de vous aider \u00e0 r\u00e9aliser vos objectifs. Que vous souhaitiez acheter ou vendre, nous mettrons \u00e0 profit notre expertise pour vous aider. Nous veillons \u00e0 bien comprendre les besoins de nos clients afin d&#8217;offrir une exp\u00e9rience exceptionnelle et d&#8217;assurer le bon d\u00e9roulement du processus de vente ou d&#8217;achat. [&hellip;]<\/p>\n","protected":false},"author":4,"featured_media":0,"parent":0,"menu_order":0,"comment_status":"closed","ping_status":"closed","template":"","meta":{"footnotes":""},"class_list":["post-14","page","type-page","status-publish","hentry"],"_links":{"self":[{"href":"https:\/\/joinmb-nwo.c21.ca\/fr-ca\/wp-json\/wp\/v2\/pages\/14","targetHints":{"allow":["GET"]}}],"collection":[{"href":"https:\/\/joinmb-nwo.c21.ca\/fr-ca\/wp-json\/wp\/v2\/pages"}],"about":[{"href":"https:\/\/joinmb-nwo.c21.ca\/fr-ca\/wp-json\/wp\/v2\/types\/page"}],"author":[{"embeddable":true,"href":"https:\/\/joinmb-nwo.c21.ca\/fr-ca\/wp-json\/wp\/v2\/users\/4"}],"replies":[{"embeddable":true,"href":"https:\/\/joinmb-nwo.c21.ca\/fr-ca\/wp-json\/wp\/v2\/comments?post=14"}],"version-history":[{"count":0,"href":"https:\/\/joinmb-nwo.c21.ca\/fr-ca\/wp-json\/wp\/v2\/pages\/14\/revisions"}],"wp:attachment":[{"href":"https:\/\/joinmb-nwo.c21.ca\/fr-ca\/wp-json\/wp\/v2\/media?parent=14"}],"curies":[{"name":"wp","href":"https:\/\/api.w.org\/{rel}","templated":true}]}}